{"id":294,"date":"2024-04-13T21:46:36","date_gmt":"2024-04-14T01:46:36","guid":{"rendered":"https:\/\/metamorphdesign.ca\/?page_id=294"},"modified":"2024-04-22T18:23:15","modified_gmt":"2024-04-22T22:23:15","slug":"communaute","status":"publish","type":"page","link":"https:\/\/metamorphdesign.ca\/fr\/communaute","title":{"rendered":"Communaut\u00e9"},"content":{"rendered":"<div class=\"aligncenter is-style-rounded is-style-rounded--1 wp-block-site-logo\"><a href=\"https:\/\/metamorphdesign.ca\/fr\/\" class=\"custom-logo-link\" rel=\"home\"><img loading=\"lazy\" decoding=\"async\" width=\"195\" height=\"146\" src=\"https:\/\/metamorphdesign.ca\/wp-content\/uploads\/2024\/01\/metamorph_logo_website-1.jpg\" class=\"custom-logo\" alt=\"Logo + Button\" srcset=\"https:\/\/metamorphdesign.ca\/wp-content\/uploads\/2024\/01\/metamorph_logo_website-1.jpg 500w, https:\/\/metamorphdesign.ca\/wp-content\/uploads\/2024\/01\/metamorph_logo_website-1-300x225.jpg 300w\" sizes=\"auto, (max-width: 195px) 100vw, 195px\" \/><\/a><\/div>\n\n\n<div style=\"height:50px\" aria-hidden=\"true\" class=\"wp-block-spacer\"><\/div>\n\n\n\n<h2 class=\"wp-block-heading has-text-align-left\" style=\"text-decoration:underline\">Rejoins une communaut\u00e9 d&rsquo;artistes!<\/h2>\n\n\n\n<div class=\"wp-block-buttons is-content-justification-center is-layout-flex wp-container-core-buttons-is-layout-a89b3969 wp-block-buttons-is-layout-flex\">\n<div class=\"wp-block-button\"><a class=\"wp-block-button__link has-text-align-center wp-element-button\" href=\"https:\/\/discord.gg\/mfBkBUPSZm\">Clique ici pour joindre la communaut\u00e9 Metamorph Design<\/a><\/div>\n<\/div>\n\n\n\n<p>Dans sa mission d&rsquo;accessibilit\u00e9, Metamorph Design a cr\u00e9\u00e9 un serveur en ligne disponible en tout temps sur l&rsquo;application <a href=\"https:\/\/discord.com\/\" data-type=\"link\" data-id=\"https:\/\/discord.com\/\">Discord<\/a>. Cet espace virtuel a pour but d&rsquo;offrir aux jeunes artistes un endroit o\u00f9 s&rsquo;exprimer, partager leur exp\u00e9rience et faire des rencontres. <\/p>\n\n\n\n<h4 class=\"wp-block-heading\">Pourquoi choisir une plateforme virtuelle?<\/h4>\n\n\n\n<p>Le serveur Metamorph Design a pour avantage de rassembler une communaut\u00e9 peu importe la distance entre ses membres. Discord permet aussi le partage facile de photos, vid\u00e9os, mod\u00e8les 3D, etc. C&rsquo;est donc id\u00e9al pour les jeunes artistes qui souhaitent montrer le contenu de leur travail. Il est aussi possible de faire des diffusions en direct en haute d\u00e9finition dans Discord. Cette fonction de partage d&rsquo;\u00e9cran permet de tenir des classes virtuelles de mani\u00e8re optimale. Les \u00e9l\u00e8ves peuvent d&rsquo;ailleurs diffuser leur \u00e9cran en direct afin de recevoir une r\u00e9troaction de l&rsquo;instructeur.ice. <\/p>\n\n\n\n<h4 class=\"wp-block-heading\">Un environnement s\u00e9curitaire et bienveillant<\/h4>\n\n\n\n<p>Le serveur de Metamorph Design a mis en place plusieurs mesures de s\u00e9curit\u00e9 permettant de prot\u00e9ger ses membres tout en respectant leur vie priv\u00e9e. Ce lieu virtuel est un environnement sain et s\u00e9curitaire pour toustes. Nous accueillons avec bienveillance les personnes :<\/p>\n\n\n\n<ul class=\"wp-block-list\">\n<li>Neurodivergentes (autisme, douance, TDAH, difficult\u00e9s d&rsquo;apprentissage)<\/li>\n\n\n\n<li>Issues de la communaut\u00e9 LGBTQ+<\/li>\n\n\n\n<li>Vivant avec un trouble de sant\u00e9 mentale<\/li>\n\n\n\n<li>Issues d&rsquo;un milieu \u00e0 faible revenu<\/li>\n<\/ul>\n\n\n\n<h4 class=\"wp-block-heading\">Comment rejoindre le serveur?<\/h4>\n\n\n\n<ul class=\"wp-block-list\">\n<li>Premi\u00e8rement tu dois t\u00e9l\u00e9charger l&rsquo;application <a href=\"https:\/\/discord.com\/\" data-type=\"link\" data-id=\"https:\/\/discord.com\/\">Discord<\/a>. Elle est disponible sur tous les appareils<\/li>\n\n\n\n<li>Ensuite tu dois te cr\u00e9er un compte et choisir ton pseudonyme<\/li>\n\n\n\n<li>Finalement, clique sur ce lien pour entrer dans le serveur de Metamorph Design : <a href=\"https:\/\/discord.gg\/mfBkBUPSZm\">https:\/\/discord.gg\/mfBkBUPSZm <\/a> <\/li>\n<\/ul>\n\n\n\n<p>Si tu as des questions tu peux toujours nous \u00e9crire en cliquant <a href=\"https:\/\/metamorphdesign.ca\/contact\" data-type=\"page\" data-id=\"177\">ici<\/a><\/p>\n\n\n\n<p><\/p>\n\n\n\n<p>Au plaisir de te compter parmi nous!<\/p>\n","protected":false},"excerpt":{"rendered":"<p>Rejoins une communaut\u00e9 d&rsquo;artistes! Dans sa mission d&rsquo;accessibilit\u00e9, Metamorph Design a cr\u00e9\u00e9 un serveur en ligne disponible en tout temps sur l&rsquo;application Discord. Cet espace virtuel a pour but d&rsquo;offrir aux jeunes artistes un endroit o\u00f9 s&rsquo;exprimer, partager leur exp\u00e9rience et faire des rencontres. Pourquoi choisir une plateforme virtuelle? Le serveur Metamorph Design a pour [&hellip;]<\/p>\n","protected":false},"author":1,"featured_media":0,"parent":0,"menu_order":0,"comment_status":"closed","ping_status":"closed","template":"","meta":{"footnotes":""},"class_list":["post-294","page","type-page","status-publish","hentry"],"_links":{"self":[{"href":"https:\/\/metamorphdesign.ca\/fr\/wp-json\/wp\/v2\/pages\/294","targetHints":{"allow":["GET"]}}],"collection":[{"href":"https:\/\/metamorphdesign.ca\/fr\/wp-json\/wp\/v2\/pages"}],"about":[{"href":"https:\/\/metamorphdesign.ca\/fr\/wp-json\/wp\/v2\/types\/page"}],"author":[{"embeddable":true,"href":"https:\/\/metamorphdesign.ca\/fr\/wp-json\/wp\/v2\/users\/1"}],"replies":[{"embeddable":true,"href":"https:\/\/metamorphdesign.ca\/fr\/wp-json\/wp\/v2\/comments?post=294"}],"version-history":[{"count":4,"href":"https:\/\/metamorphdesign.ca\/fr\/wp-json\/wp\/v2\/pages\/294\/revisions"}],"predecessor-version":[{"id":362,"href":"https:\/\/metamorphdesign.ca\/fr\/wp-json\/wp\/v2\/pages\/294\/revisions\/362"}],"wp:attachment":[{"href":"https:\/\/metamorphdesign.ca\/fr\/wp-json\/wp\/v2\/media?parent=294"}],"curies":[{"name":"wp","href":"https:\/\/api.w.org\/{rel}","templated":true}]}}