{"id":215,"date":"2024-01-16T18:53:55","date_gmt":"2024-01-16T23:53:55","guid":{"rendered":"https:\/\/metamorphdesign.ca\/?page_id=215"},"modified":"2024-01-17T11:48:05","modified_gmt":"2024-01-17T16:48:05","slug":"faq","status":"publish","type":"page","link":"https:\/\/metamorphdesign.ca\/fr\/faq","title":{"rendered":"FAQ"},"content":{"rendered":"<div class=\"aligncenter is-style-rounded is-style-rounded--1 wp-block-site-logo\"><a href=\"https:\/\/metamorphdesign.ca\/fr\/\" class=\"custom-logo-link\" rel=\"home\"><img loading=\"lazy\" decoding=\"async\" width=\"195\" height=\"146\" src=\"https:\/\/metamorphdesign.ca\/wp-content\/uploads\/2024\/01\/metamorph_logo_website-1.jpg\" class=\"custom-logo\" alt=\"Logo + Button\" srcset=\"https:\/\/metamorphdesign.ca\/wp-content\/uploads\/2024\/01\/metamorph_logo_website-1.jpg 500w, https:\/\/metamorphdesign.ca\/wp-content\/uploads\/2024\/01\/metamorph_logo_website-1-300x225.jpg 300w\" sizes=\"auto, (max-width: 195px) 100vw, 195px\" \/><\/a><\/div>\n\n\n<div style=\"height:30px\" aria-hidden=\"true\" class=\"wp-block-spacer\"><\/div>\n\n\n\n<h2 class=\"wp-block-heading has-text-align-center\" style=\"text-decoration:underline\">FAQ<\/h2>\n\n\n\n<div style=\"height:15px\" aria-hidden=\"true\" class=\"wp-block-spacer\"><\/div>\n\n\n\n<p style=\"text-decoration:underline\">L\u2019art num\u00e9rique c\u2019est quoi?<\/p>\n\n\n\n<p>L\u2019art num\u00e9rique est une forme d\u2019art o\u00f9 le processus de cr\u00e9ation passe par des appareils qui utilisent un langage de programmation pour produire des images.&nbsp;<\/p>\n\n\n\n<p style=\"text-decoration:underline\">De quoi ai-je besoin pour d\u00e9buter en art num\u00e9rique?<\/p>\n\n\n\n<p>Il y a plusieurs options!&nbsp;<\/p>\n\n\n\n<p>Option 1 : La plus accessible est son t\u00e9l\u00e9phone cellulaire. La plupart des gens poss\u00e8dent d\u00e9j\u00e0 un t\u00e9l\u00e9phone intelligent et plusieurs applications de dessin num\u00e9rique sont disponibles gratuitement sur Google Play et le Apple Store. La taille de l\u2019\u00e9cran et l\u2019utilisation de ses doigts pour dessiner peut repr\u00e9senter un d\u00e9fi mais apr\u00e8s quelques heures de pratique on s\u2019y fait.<\/p>\n\n\n\n<p>Option 2 : Tablette intelligente + stylet. Que ce soit une tablette Android ou un iPad, cette option nous permet de dessiner directement sur l\u2019\u00e9cran avec un stylet. De plus, certaines tablettes comme le iPad Pro sont suffisamment puissantes pour faire de la 3D. Les tablettes sont habituellement moins dispendieuses qu\u2019un ordinateur et plus faciles \u00e0 transporter.<\/p>\n\n\n\n<p>Option 3 : Ordinateur + Tablette graphique et stylet. Cette option est g\u00e9n\u00e9ralement plus co\u00fbteuse mais offre le plus grand \u00e9ventail de possibilit\u00e9s. Pour faire de l\u2019art 2D, il n\u2019est pas n\u00e9cessaire d\u2019avoir un ordinateur particuli\u00e8rement puissant, la plupart des mod\u00e8les d\u2019entr\u00e9e de gamme font tr\u00e8s bien l\u2019affaire. Si vous cherchez plut\u00f4t \u00e0 faire de la 3D, il faudra investir dans un ordinateur performant.<\/p>\n\n\n\n<p><strong>OPTION METAMORPH : <\/strong>En vous inscrivant au cours de dessin num\u00e9rique, un iPad + Apple Pencil vous sera assign\u00e9 pour la dur\u00e9e du cours. L\u2019\u00e9quipement vous est remis au d\u00e9but de chaque le\u00e7on et vous le remettez \u00e0 l\u2019instructeur une fois la le\u00e7on termin\u00e9e.<\/p>\n\n\n\n<p style=\"text-decoration:underline\">Ai-je besoin d\u2019avoir de l\u2019exp\u00e9rience en art ou en informatique pour suivre les cours?<\/p>\n\n\n\n<p>Les cours s\u2019adressent aux artistes de tous les niveaux. Chaque notion est introduite pour les d\u00e9butants mais est accompagn\u00e9e de contenu suppl\u00e9mentaire adapt\u00e9 au niveau des \u00e9l\u00e8ves.&nbsp;<\/p>\n\n\n\n<p style=\"text-decoration:underline\">J\u2019ai d\u00e9j\u00e0 mon \u00e9quipement, puis-je suivre le cours avec mon propre appareil?<\/p>\n\n\n\n<p>Oui! Si vous utilisez d\u00e9j\u00e0 un appareil pour faire de l\u2019art num\u00e9rique, vous pouvez suivre le cours avec celui-ci. Cependant si vous utilisez une application ou un logiciel diff\u00e9rent que celui du cours, ce sera \u00e0 vous de vous adapter.<\/p>\n\n\n\n<p style=\"text-decoration:underline\">\u00c0 quoi \u00e7a sert d\u2019apprendre l\u2019art num\u00e9rique si l\u2019intelligence artificielle peut cr\u00e9er un chef d\u2019\u0153uvre en quelques secondes?<\/p>\n\n\n\n<p>Il faut garder en t\u00eate que l\u2019art est quelque chose de profond\u00e9ment humain. Les images cr\u00e9\u00e9es par l\u2019IA se basent d\u2019ailleurs sur des \u00e9chantillons provenant du travail de millions d\u2019artistes \u00e0 travers le web. Chez Metamorph Design, nous croyons que le processus de cr\u00e9ation est tout aussi important que le r\u00e9sultat et que c&rsquo;est l&rsquo;exp\u00e9rience de l&rsquo;artiste qui rend une oeuvre int\u00e9ressante.<\/p>\n","protected":false},"excerpt":{"rendered":"<p>FAQ L\u2019art num\u00e9rique c\u2019est quoi? L\u2019art num\u00e9rique est une forme d\u2019art o\u00f9 le processus de cr\u00e9ation passe par des appareils qui utilisent un langage de programmation pour produire des images.&nbsp; De quoi ai-je besoin pour d\u00e9buter en art num\u00e9rique? Il y a plusieurs options!&nbsp; Option 1 : La plus accessible est son t\u00e9l\u00e9phone cellulaire. La [&hellip;]<\/p>\n","protected":false},"author":1,"featured_media":0,"parent":0,"menu_order":0,"comment_status":"closed","ping_status":"closed","template":"","meta":{"footnotes":""},"class_list":["post-215","page","type-page","status-publish","hentry"],"_links":{"self":[{"href":"https:\/\/metamorphdesign.ca\/fr\/wp-json\/wp\/v2\/pages\/215","targetHints":{"allow":["GET"]}}],"collection":[{"href":"https:\/\/metamorphdesign.ca\/fr\/wp-json\/wp\/v2\/pages"}],"about":[{"href":"https:\/\/metamorphdesign.ca\/fr\/wp-json\/wp\/v2\/types\/page"}],"author":[{"embeddable":true,"href":"https:\/\/metamorphdesign.ca\/fr\/wp-json\/wp\/v2\/users\/1"}],"replies":[{"embeddable":true,"href":"https:\/\/metamorphdesign.ca\/fr\/wp-json\/wp\/v2\/comments?post=215"}],"version-history":[{"count":5,"href":"https:\/\/metamorphdesign.ca\/fr\/wp-json\/wp\/v2\/pages\/215\/revisions"}],"predecessor-version":[{"id":261,"href":"https:\/\/metamorphdesign.ca\/fr\/wp-json\/wp\/v2\/pages\/215\/revisions\/261"}],"wp:attachment":[{"href":"https:\/\/metamorphdesign.ca\/fr\/wp-json\/wp\/v2\/media?parent=215"}],"curies":[{"name":"wp","href":"https:\/\/api.w.org\/{rel}","templated":true}]}}