{"id":166,"date":"2024-01-15T17:32:37","date_gmt":"2024-01-15T17:32:37","guid":{"rendered":"https:\/\/metamorphdesign.ca\/?page_id=166"},"modified":"2024-10-30T19:52:35","modified_gmt":"2024-10-30T23:52:35","slug":"tutorat","status":"publish","type":"page","link":"https:\/\/metamorphdesign.ca\/fr\/tutorat","title":{"rendered":"Mentorat"},"content":{"rendered":"\n<div class=\"wp-block-group alignfull has-global-padding is-layout-constrained wp-block-group-is-layout-constrained\"><div class=\"aligncenter is-style-rounded is-style-rounded--1 wp-block-site-logo\"><a href=\"https:\/\/metamorphdesign.ca\/fr\/\" class=\"custom-logo-link\" rel=\"home\"><img loading=\"lazy\" decoding=\"async\" width=\"195\" height=\"146\" src=\"https:\/\/metamorphdesign.ca\/wp-content\/uploads\/2024\/01\/metamorph_logo_website-1.jpg\" class=\"custom-logo\" alt=\"Logo + Button\" srcset=\"https:\/\/metamorphdesign.ca\/wp-content\/uploads\/2024\/01\/metamorph_logo_website-1.jpg 500w, https:\/\/metamorphdesign.ca\/wp-content\/uploads\/2024\/01\/metamorph_logo_website-1-300x225.jpg 300w\" sizes=\"auto, (max-width: 195px) 100vw, 195px\" \/><\/a><\/div><\/div>\n\n\n\n<div style=\"height:30px\" aria-hidden=\"true\" class=\"wp-block-spacer\"><\/div>\n\n\n\n<h2 class=\"wp-block-heading has-text-align-center\" style=\"text-decoration:underline\">Mentorat<\/h2>\n\n\n\n<div style=\"height:15px\" aria-hidden=\"true\" class=\"wp-block-spacer\"><\/div>\n\n\n\n<p>Vous souhaitez suivre des le\u00e7ons priv\u00e9es et avoir un accompagnement continu dans vos projets? Un mentor peut vous aider \u00e0 atteindre vos objectifs beaucoup plus rapidement gr\u00e2ce \u00e0 un suivi approfondi.<\/p>\n\n\n\n<div style=\"height:15px\" aria-hidden=\"true\" class=\"wp-block-spacer\"><\/div>\n\n\n\n<p><strong>Avantages du mentorat<\/strong><\/p>\n\n\n\n<ul class=\"wp-block-list\">\n<li>Plan de d\u00e9veloppement personnalis\u00e9 en fonction des objectifs de l&rsquo;apprenant.e<\/li>\n\n\n\n<li>Possibilit\u00e9 de poser des questions m\u00eame en dehors des le\u00e7ons<\/li>\n\n\n\n<li>Horaire flexible<\/li>\n\n\n\n<li>Mode d&rsquo;enseignement en pr\u00e9sentiel et\/ou en ligne<\/li>\n\n\n\n<li>R\u00e9troaction hebdomadaire<\/li>\n\n\n\n<li>Accompagnement pour des projets moyen\/long terme qui n\u00e9cessitent plusieurs semaines de travail<\/li>\n<\/ul>\n\n\n\n<p><strong>Fonctionnement<\/strong><\/p>\n\n\n\n<p>Le mentorat d\u00e9bute par une premi\u00e8re rencontre d&rsquo;une dur\u00e9e de 1h. Cette rencontre est <strong>GRATUITE<\/strong> et permet au mentor d&rsquo;\u00e9valuer les besoins de l&rsquo;apprenant.e. Par la suite, une fr\u00e9quence d&rsquo;une le\u00e7on par semaine est recommand\u00e9e mais peut \u00eatre ajust\u00e9e en fonction du rythme d&rsquo;apprentissage de l&rsquo;apprenant.e. Les le\u00e7ons en ligne se font sur <a href=\"https:\/\/discord.com\/\" data-type=\"link\" data-id=\"https:\/\/discord.com\/\">Discord<\/a>. Les le\u00e7ons en pr\u00e9sentiel peuvent se faire dans un lieu public ou au domicile de l&rsquo;apprenant.e.<\/p>\n\n\n\n<p><strong>Tarification<\/strong><\/p>\n\n\n\n<ul class=\"wp-block-list\">\n<li style=\"font-style:normal;font-weight:700\">Premi\u00e8re le\u00e7on &#8211; Gratuit<\/li>\n\n\n\n<li style=\"font-style:normal;font-weight:700\">1 le\u00e7on &#8211; $75+tx\/h<\/li>\n\n\n\n<li style=\"font-style:normal;font-weight:700\">Bloc de 5 le\u00e7ons &#8211; $362,5+tx &#8211; $72,5+tx\/h<\/li>\n\n\n\n<li style=\"font-style:normal;font-weight:700\">Bloc de 10 le\u00e7ons &#8211; $700+tx &#8211; $70+tx\/h<\/li>\n\n\n\n<li style=\"font-style:normal;font-weight:700\">Bloc de 15 le\u00e7ons &#8211; $1 012,5+tx &#8211; $67,5+tx\/h<\/li>\n<\/ul>\n\n\n\n<p><strong>*Pour les le\u00e7ons en pr\u00e9sentiel, des frais de transport de 10$ sont ajout\u00e9s au tarif horaire<\/strong>.<\/p>\n\n\n\n<div class=\"wp-block-buttons is-layout-flex wp-block-buttons-is-layout-flex\">\n<div class=\"wp-block-button\"><a class=\"wp-block-button__link wp-element-button\" href=\"https:\/\/metamorphdesign.ca\/contact\">Contacter un mentor<\/a><\/div>\n<\/div>\n","protected":false},"excerpt":{"rendered":"<p>Mentorat Vous souhaitez suivre des le\u00e7ons priv\u00e9es et avoir un accompagnement continu dans vos projets? Un mentor peut vous aider \u00e0 atteindre vos objectifs beaucoup plus rapidement gr\u00e2ce \u00e0 un suivi approfondi. Avantages du mentorat Fonctionnement Le mentorat d\u00e9bute par une premi\u00e8re rencontre d&rsquo;une dur\u00e9e de 1h. Cette rencontre est GRATUITE et permet au mentor [&hellip;]<\/p>\n","protected":false},"author":1,"featured_media":0,"parent":0,"menu_order":0,"comment_status":"closed","ping_status":"closed","template":"","meta":{"footnotes":""},"class_list":["post-166","page","type-page","status-publish","hentry"],"_links":{"self":[{"href":"https:\/\/metamorphdesign.ca\/fr\/wp-json\/wp\/v2\/pages\/166","targetHints":{"allow":["GET"]}}],"collection":[{"href":"https:\/\/metamorphdesign.ca\/fr\/wp-json\/wp\/v2\/pages"}],"about":[{"href":"https:\/\/metamorphdesign.ca\/fr\/wp-json\/wp\/v2\/types\/page"}],"author":[{"embeddable":true,"href":"https:\/\/metamorphdesign.ca\/fr\/wp-json\/wp\/v2\/users\/1"}],"replies":[{"embeddable":true,"href":"https:\/\/metamorphdesign.ca\/fr\/wp-json\/wp\/v2\/comments?post=166"}],"version-history":[{"count":11,"href":"https:\/\/metamorphdesign.ca\/fr\/wp-json\/wp\/v2\/pages\/166\/revisions"}],"predecessor-version":[{"id":504,"href":"https:\/\/metamorphdesign.ca\/fr\/wp-json\/wp\/v2\/pages\/166\/revisions\/504"}],"wp:attachment":[{"href":"https:\/\/metamorphdesign.ca\/fr\/wp-json\/wp\/v2\/media?parent=166"}],"curies":[{"name":"wp","href":"https:\/\/api.w.org\/{rel}","templated":true}]}}