{"id":31,"date":"2024-01-09T17:46:46","date_gmt":"2024-01-09T17:46:46","guid":{"rendered":"https:\/\/metamorphdesign.ca\/?page_id=31"},"modified":"2025-05-13T01:16:55","modified_gmt":"2025-05-13T05:16:55","slug":"bio","status":"publish","type":"page","link":"https:\/\/metamorphdesign.ca\/en\/bio","title":{"rendered":"Bio"},"content":{"rendered":"<div style=\"height:18px\" aria-hidden=\"true\" class=\"wp-block-spacer\"><\/div>\n\n\n\n<div class=\"wp-block-group alignfull has-global-padding is-layout-constrained wp-block-group-is-layout-constrained\"><div class=\"aligncenter is-style-rounded is-style-rounded--1 wp-block-site-logo\"><a href=\"https:\/\/metamorphdesign.ca\/en\/\" class=\"custom-logo-link\" rel=\"home\"><img loading=\"lazy\" decoding=\"async\" width=\"178\" height=\"133\" src=\"https:\/\/metamorphdesign.ca\/wp-content\/uploads\/2024\/01\/metamorph_logo_website-1.jpg\" class=\"custom-logo\" alt=\"Logo + Button\" srcset=\"https:\/\/metamorphdesign.ca\/wp-content\/uploads\/2024\/01\/metamorph_logo_website-1.jpg 500w, https:\/\/metamorphdesign.ca\/wp-content\/uploads\/2024\/01\/metamorph_logo_website-1-300x225.jpg 300w\" sizes=\"auto, (max-width: 178px) 100vw, 178px\" \/><\/a><\/div><\/div>\n\n\n\n<h1 class=\"wp-block-heading has-text-align-center is-style-asterisk\">About<\/h1>\n\n\n\n<div style=\"height:48px\" aria-hidden=\"true\" class=\"wp-block-spacer\"><\/div>\n\n\n\n<div class=\"wp-block-group alignfull has-base-background-color has-background has-global-padding is-layout-constrained wp-container-core-group-is-layout-d89aad35 wp-block-group-is-layout-constrained\" style=\"margin-top:0;margin-bottom:0;padding-top:var(--wp--preset--spacing--50);padding-right:var(--wp--preset--spacing--50);padding-bottom:var(--wp--preset--spacing--50);padding-left:var(--wp--preset--spacing--50)\">\n<div class=\"wp-block-columns alignwide is-layout-flex wp-container-core-columns-is-layout-549b0c86 wp-block-columns-is-layout-flex\">\n<div class=\"wp-block-column has-global-padding is-content-justification-center is-layout-constrained wp-container-core-column-is-layout-42d62dd4 wp-block-column-is-layout-constrained\" style=\"flex-basis:50%\">\n<figure class=\"wp-block-image aligncenter size-full is-style-rounded is-style-rounded--2\"><img loading=\"lazy\" decoding=\"async\" width=\"720\" height=\"720\" src=\"https:\/\/metamorphdesign.ca\/wp-content\/uploads\/2025\/02\/FB_IMG_1710533830943-1-edited.jpg\" alt=\"\" class=\"wp-image-558\" srcset=\"https:\/\/metamorphdesign.ca\/wp-content\/uploads\/2025\/02\/FB_IMG_1710533830943-1-edited.jpg 720w, https:\/\/metamorphdesign.ca\/wp-content\/uploads\/2025\/02\/FB_IMG_1710533830943-1-edited-300x300.jpg 300w, https:\/\/metamorphdesign.ca\/wp-content\/uploads\/2025\/02\/FB_IMG_1710533830943-1-edited-150x150.jpg 150w, https:\/\/metamorphdesign.ca\/wp-content\/uploads\/2025\/02\/FB_IMG_1710533830943-1-edited-12x12.jpg 12w\" sizes=\"auto, (max-width: 720px) 100vw, 720px\" \/><\/figure>\n\n\n\n<div style=\"height:100px\" aria-hidden=\"true\" class=\"wp-block-spacer\"><\/div>\n\n\n\n<figure class=\"wp-block-image size-large is-style-rounded is-style-rounded--3\"><img loading=\"lazy\" decoding=\"async\" width=\"588\" height=\"1024\" src=\"https:\/\/metamorphdesign.ca\/wp-content\/uploads\/2024\/01\/Yptilian-588x1024.jpg\" alt=\"\" class=\"wp-image-110\" srcset=\"https:\/\/metamorphdesign.ca\/wp-content\/uploads\/2024\/01\/Yptilian-588x1024.jpg 588w, https:\/\/metamorphdesign.ca\/wp-content\/uploads\/2024\/01\/Yptilian-172x300.jpg 172w, https:\/\/metamorphdesign.ca\/wp-content\/uploads\/2024\/01\/Yptilian.jpg 647w\" sizes=\"auto, (max-width: 588px) 100vw, 588px\" \/><\/figure>\n<\/div>\n\n\n\n<div class=\"wp-block-column is-layout-flow wp-container-core-column-is-layout-119bc444 wp-block-column-is-layout-flow\" style=\"flex-basis:60%\">\n<p class=\"has-heading-font-family has-x-large-font-size\" style=\"line-height:1.2\">Salut, moi c&rsquo;est Jean-Beno\u00eet,<\/p>\n\n\n\n<div class=\"wp-block-columns is-layout-flex wp-container-core-columns-is-layout-87beb0d0 wp-block-columns-is-layout-flex\">\n<div class=\"wp-block-column is-layout-flow wp-block-column-is-layout-flow\">\n<p class=\"has-medium-font-size wp-container-content-9cfa9a5a\">I am a multidisciplinary artist. I do music, circus, drawing, painting and visual development. I create mostly for fun and I love sharing my knowledge with others. During my career, I taught in the field of performing arts, gymnastics and video games.<\/p>\n\n\n\n<p class=\"has-medium-font-size\">I have been drawing since I could hold a pencil, but it was in 2014 that I made the leap into the digital world by taking a course in 3D modeling for video games. That same year, I received a graphics tablet as a gift and I immediately started drawing on the computer. It was a shock to see how endless the possibilities are when drawing digitally, you can even use 3D objects to create illustrations!<\/p>\n\n\n\n<p class=\"has-medium-font-size\">After my training, I worked as a concept designer for an entertainment company until I was offered a position to build an e-sports (competitive video game) program at a high school in Ontario.<\/p>\n\n\n\n<p class=\"has-medium-font-size\">J&rsquo;aimais mon travail mais \u00e7a manquait de cr\u00e9ativit\u00e9 alors j&rsquo;ai d\u00e9cid\u00e9 de faire un retour vers ma passion des arts num\u00e9riques. J&rsquo;ai particip\u00e9 au programme Jeunes Volontaires du Carrefour Jeunesse Emploi de l&rsquo;Outaouais pour d\u00e9velopper mon projet entrepreneurial.<\/p>\n\n\n\n<p class=\"has-medium-font-size\">Following the program, I held a position teaching visual and multimedia arts in high school while continuing to develop my business.<\/p>\n\n\n\n<p class=\"has-medium-font-size wp-container-content-9cfa9a5a\">After two years of work, it was in the fall of 2023 that I founded Metamorph Design, a digital art school to help young people develop their creativity while learning computer and design skills.<\/p>\n<\/div>\n<\/div>\n<\/div>\n<\/div>\n<\/div>\n\n\n\n<div style=\"height:75px\" aria-hidden=\"true\" class=\"wp-block-spacer\"><\/div>\n\n\n\n<figure class=\"wp-block-gallery has-nested-images columns-6 is-cropped wp-block-gallery-4 is-layout-flex wp-block-gallery-is-layout-flex\">\n<figure class=\"wp-block-image size-large\"><img loading=\"lazy\" decoding=\"async\" width=\"713\" height=\"401\" data-id=\"284\" src=\"https:\/\/metamorphdesign.ca\/wp-content\/uploads\/2024\/01\/ateliers.jpg\" alt=\"\" class=\"wp-image-284\" srcset=\"https:\/\/metamorphdesign.ca\/wp-content\/uploads\/2024\/01\/ateliers.jpg 713w, https:\/\/metamorphdesign.ca\/wp-content\/uploads\/2024\/01\/ateliers-300x169.jpg 300w\" sizes=\"auto, (max-width: 713px) 100vw, 713px\" \/><\/figure>\n\n\n\n<figure class=\"wp-block-image size-large\"><img loading=\"lazy\" decoding=\"async\" width=\"713\" height=\"406\" data-id=\"250\" src=\"https:\/\/metamorphdesign.ca\/wp-content\/uploads\/2024\/01\/PXL_20231129_220248024_exported_218468.jpg\" alt=\"\" class=\"wp-image-250\" srcset=\"https:\/\/metamorphdesign.ca\/wp-content\/uploads\/2024\/01\/PXL_20231129_220248024_exported_218468.jpg 713w, https:\/\/metamorphdesign.ca\/wp-content\/uploads\/2024\/01\/PXL_20231129_220248024_exported_218468-300x171.jpg 300w\" sizes=\"auto, (max-width: 713px) 100vw, 713px\" \/><\/figure>\n\n\n\n<figure class=\"wp-block-image size-large\"><img loading=\"lazy\" decoding=\"async\" width=\"1024\" height=\"576\" data-id=\"403\" src=\"https:\/\/metamorphdesign.ca\/wp-content\/uploads\/2024\/06\/Test6-2-Comic-CDP-1024x576.png\" alt=\"\" class=\"wp-image-403\" srcset=\"https:\/\/metamorphdesign.ca\/wp-content\/uploads\/2024\/06\/Test6-2-Comic-CDP-1024x576.png 1024w, https:\/\/metamorphdesign.ca\/wp-content\/uploads\/2024\/06\/Test6-2-Comic-CDP-300x169.png 300w, https:\/\/metamorphdesign.ca\/wp-content\/uploads\/2024\/06\/Test6-2-Comic-CDP-768x432.png 768w, https:\/\/metamorphdesign.ca\/wp-content\/uploads\/2024\/06\/Test6-2-Comic-CDP-1536x864.png 1536w, https:\/\/metamorphdesign.ca\/wp-content\/uploads\/2024\/06\/Test6-2-Comic-CDP-18x10.png 18w, https:\/\/metamorphdesign.ca\/wp-content\/uploads\/2024\/06\/Test6-2-Comic-CDP.png 1920w\" sizes=\"auto, (max-width: 1024px) 100vw, 1024px\" \/><\/figure>\n\n\n\n<figure class=\"wp-block-image size-large\"><img loading=\"lazy\" decoding=\"async\" width=\"1024\" height=\"676\" data-id=\"596\" src=\"https:\/\/metamorphdesign.ca\/wp-content\/uploads\/2025\/05\/FB_IMG_1746481537502-1024x676.jpg\" alt=\"\" class=\"wp-image-596\" srcset=\"https:\/\/metamorphdesign.ca\/wp-content\/uploads\/2025\/05\/FB_IMG_1746481537502-1024x676.jpg 1024w, https:\/\/metamorphdesign.ca\/wp-content\/uploads\/2025\/05\/FB_IMG_1746481537502-300x198.jpg 300w, https:\/\/metamorphdesign.ca\/wp-content\/uploads\/2025\/05\/FB_IMG_1746481537502-768x507.jpg 768w, https:\/\/metamorphdesign.ca\/wp-content\/uploads\/2025\/05\/FB_IMG_1746481537502-18x12.jpg 18w, https:\/\/metamorphdesign.ca\/wp-content\/uploads\/2025\/05\/FB_IMG_1746481537502.jpg 1454w\" sizes=\"auto, (max-width: 1024px) 100vw, 1024px\" \/><\/figure>\n\n\n\n<figure class=\"wp-block-image size-large\"><img loading=\"lazy\" decoding=\"async\" width=\"1024\" height=\"1024\" data-id=\"414\" src=\"https:\/\/metamorphdesign.ca\/wp-content\/uploads\/2024\/06\/IMG_5060-1-edited-1024x1024.png\" alt=\"\" class=\"wp-image-414\"\/><\/figure>\n\n\n\n<figure class=\"wp-block-image size-large\"><img loading=\"lazy\" decoding=\"async\" width=\"1024\" height=\"683\" data-id=\"609\" src=\"https:\/\/metamorphdesign.ca\/wp-content\/uploads\/2025\/05\/FB_IMG_1746489385449-1024x683.jpg\" alt=\"\" class=\"wp-image-609\" srcset=\"https:\/\/metamorphdesign.ca\/wp-content\/uploads\/2025\/05\/FB_IMG_1746489385449-1024x683.jpg 1024w, https:\/\/metamorphdesign.ca\/wp-content\/uploads\/2025\/05\/FB_IMG_1746489385449-300x200.jpg 300w, https:\/\/metamorphdesign.ca\/wp-content\/uploads\/2025\/05\/FB_IMG_1746489385449-768x512.jpg 768w, https:\/\/metamorphdesign.ca\/wp-content\/uploads\/2025\/05\/FB_IMG_1746489385449-18x12.jpg 18w, https:\/\/metamorphdesign.ca\/wp-content\/uploads\/2025\/05\/FB_IMG_1746489385449.jpg 1439w\" sizes=\"auto, (max-width: 1024px) 100vw, 1024px\" \/><\/figure>\n<\/figure>\n\n\n\n<div class=\"wp-block-group alignfull has-base-background-color has-background has-global-padding is-layout-constrained wp-container-core-group-is-layout-d89aad35 wp-block-group-is-layout-constrained\" style=\"margin-top:0;margin-bottom:0;padding-top:var(--wp--preset--spacing--50);padding-right:var(--wp--preset--spacing--50);padding-bottom:var(--wp--preset--spacing--50);padding-left:var(--wp--preset--spacing--50)\">\n<div class=\"wp-block-columns alignwide is-layout-flex wp-container-core-columns-is-layout-549b0c86 wp-block-columns-is-layout-flex\">\n<div class=\"wp-block-column has-global-padding is-content-justification-center is-layout-constrained wp-container-core-column-is-layout-42d62dd4 wp-block-column-is-layout-constrained\" style=\"flex-basis:40%\">\n<figure class=\"wp-block-image size-large is-style-rounded is-style-rounded--5\"><img loading=\"lazy\" decoding=\"async\" width=\"751\" height=\"1024\" src=\"https:\/\/metamorphdesign.ca\/wp-content\/uploads\/2025\/05\/SmartSelect_20241012_203033_Photos-751x1024.jpg\" alt=\"\" class=\"wp-image-608\" srcset=\"https:\/\/metamorphdesign.ca\/wp-content\/uploads\/2025\/05\/SmartSelect_20241012_203033_Photos-751x1024.jpg 751w, https:\/\/metamorphdesign.ca\/wp-content\/uploads\/2025\/05\/SmartSelect_20241012_203033_Photos-220x300.jpg 220w, https:\/\/metamorphdesign.ca\/wp-content\/uploads\/2025\/05\/SmartSelect_20241012_203033_Photos-768x1047.jpg 768w, https:\/\/metamorphdesign.ca\/wp-content\/uploads\/2025\/05\/SmartSelect_20241012_203033_Photos-1127x1536.jpg 1127w, https:\/\/metamorphdesign.ca\/wp-content\/uploads\/2025\/05\/SmartSelect_20241012_203033_Photos-9x12.jpg 9w, https:\/\/metamorphdesign.ca\/wp-content\/uploads\/2025\/05\/SmartSelect_20241012_203033_Photos.jpg 1439w\" sizes=\"auto, (max-width: 751px) 100vw, 751px\" \/><\/figure>\n<\/div>\n\n\n\n<div class=\"wp-block-column is-layout-flow wp-container-core-column-is-layout-119bc444 wp-block-column-is-layout-flow\" style=\"flex-basis:60%\">\n<p class=\"has-heading-font-family has-x-large-font-size\" style=\"line-height:1.2\">Hi, I&rsquo;m Kimberly!<\/p>\n\n\n\n<div class=\"wp-block-columns is-layout-flex wp-container-core-columns-is-layout-87beb0d0 wp-block-columns-is-layout-flex\">\n<div class=\"wp-block-column is-layout-flow wp-block-column-is-layout-flow\">\n<p class=\"wp-container-content-9cfa9a5a\">I&rsquo;m a multidisciplinary artist with a focus on digital illustration, video production, game development, and textile art. I started drawing digitally at a young age, and went on to pursue education in video game development and software engineering while working in social media content creation. <\/p>\n<\/div>\n\n\n\n<div class=\"wp-block-column is-layout-flow wp-block-column-is-layout-flow\">\n<p>Since 2024, I&rsquo;ve been consulting on the curriculum for Metamorph School and developing our strategy to empower students with digital literacy.<\/p>\n\n\n\n<p>I run my own artistic practice where I research textile waste &#8212; check it out at <a href=\"https:\/\/kimperfect.design\/\">my website. <\/a><\/p>\n<\/div>\n<\/div>\n<\/div>\n<\/div>\n<\/div>\n\n\n\n<div style=\"height:75px\" aria-hidden=\"true\" class=\"wp-block-spacer\"><\/div>\n\n\n\n<div class=\"wp-block-columns is-layout-flex wp-container-core-columns-is-layout-28f84493 wp-block-columns-is-layout-flex\">\n<div class=\"wp-block-column is-layout-flow wp-block-column-is-layout-flow\" style=\"flex-basis:100%\">\n<div class=\"wp-block-group is-nowrap is-layout-flex wp-container-core-group-is-layout-6c531013 wp-block-group-is-layout-flex\">\n<figure class=\"wp-block-image size-large is-style-rounded is-style-rounded--6\"><img loading=\"lazy\" decoding=\"async\" width=\"1024\" height=\"576\" src=\"https:\/\/metamorphdesign.ca\/wp-content\/uploads\/2024\/06\/Test6-2-Comic-CDP-1024x576.png\" alt=\"\" class=\"wp-image-403\" srcset=\"https:\/\/metamorphdesign.ca\/wp-content\/uploads\/2024\/06\/Test6-2-Comic-CDP-1024x576.png 1024w, https:\/\/metamorphdesign.ca\/wp-content\/uploads\/2024\/06\/Test6-2-Comic-CDP-300x169.png 300w, https:\/\/metamorphdesign.ca\/wp-content\/uploads\/2024\/06\/Test6-2-Comic-CDP-768x432.png 768w, https:\/\/metamorphdesign.ca\/wp-content\/uploads\/2024\/06\/Test6-2-Comic-CDP-1536x864.png 1536w, https:\/\/metamorphdesign.ca\/wp-content\/uploads\/2024\/06\/Test6-2-Comic-CDP-18x10.png 18w, https:\/\/metamorphdesign.ca\/wp-content\/uploads\/2024\/06\/Test6-2-Comic-CDP.png 1920w\" sizes=\"auto, (max-width: 1024px) 100vw, 1024px\" \/><\/figure>\n\n\n\n<div class=\"wp-block-buttons is-content-justification-center is-layout-flex wp-container-core-buttons-is-layout-a89b3969 wp-block-buttons-is-layout-flex\">\n<div class=\"wp-block-button\"><a class=\"wp-block-button__link wp-element-button\" href=\"https:\/\/metamorphdesign.ca\/en\/contact\/\">CONTACTez-nous<\/a><\/div>\n<\/div>\n<\/div>\n<\/div>\n<\/div>","protected":false},"excerpt":{"rendered":"<p>\u00c0 Propos Salut, moi c&rsquo;est Jean-Beno\u00eet, Je suis un artiste multidisciplinaire. Je fais de la musique, du cirque, du dessin, de la peinture et du d\u00e9veloppement visuel. Je cr\u00e9e surtout pour le plaisir et j&rsquo;adore partager mes connaissances avec les autres. Pendant mon parcours, j&rsquo;ai enseign\u00e9 dans le domaine des arts vivants, du sport et [&hellip;]<\/p>","protected":false},"author":1,"featured_media":0,"parent":0,"menu_order":0,"comment_status":"closed","ping_status":"closed","template":"page-no-title","meta":{"footnotes":""},"class_list":["post-31","page","type-page","status-publish","hentry"],"_links":{"self":[{"href":"https:\/\/metamorphdesign.ca\/en\/wp-json\/wp\/v2\/pages\/31","targetHints":{"allow":["GET"]}}],"collection":[{"href":"https:\/\/metamorphdesign.ca\/en\/wp-json\/wp\/v2\/pages"}],"about":[{"href":"https:\/\/metamorphdesign.ca\/en\/wp-json\/wp\/v2\/types\/page"}],"author":[{"embeddable":true,"href":"https:\/\/metamorphdesign.ca\/en\/wp-json\/wp\/v2\/users\/1"}],"replies":[{"embeddable":true,"href":"https:\/\/metamorphdesign.ca\/en\/wp-json\/wp\/v2\/comments?post=31"}],"version-history":[{"count":15,"href":"https:\/\/metamorphdesign.ca\/en\/wp-json\/wp\/v2\/pages\/31\/revisions"}],"predecessor-version":[{"id":610,"href":"https:\/\/metamorphdesign.ca\/en\/wp-json\/wp\/v2\/pages\/31\/revisions\/610"}],"wp:attachment":[{"href":"https:\/\/metamorphdesign.ca\/en\/wp-json\/wp\/v2\/media?parent=31"}],"curies":[{"name":"wp","href":"https:\/\/api.w.org\/{rel}","templated":true}]}}