{"id":294,"date":"2024-04-13T21:46:36","date_gmt":"2024-04-14T01:46:36","guid":{"rendered":"https:\/\/metamorphdesign.ca\/?page_id=294"},"modified":"2024-04-22T18:23:15","modified_gmt":"2024-04-22T22:23:15","slug":"communaute","status":"publish","type":"page","link":"https:\/\/metamorphdesign.ca\/en\/communaute","title":{"rendered":"Community"},"content":{"rendered":"<div class=\"aligncenter is-style-rounded is-style-rounded--1 wp-block-site-logo\"><a href=\"https:\/\/metamorphdesign.ca\/en\/\" class=\"custom-logo-link\" rel=\"home\"><img loading=\"lazy\" decoding=\"async\" width=\"195\" height=\"146\" src=\"https:\/\/metamorphdesign.ca\/wp-content\/uploads\/2024\/01\/metamorph_logo_website-1.jpg\" class=\"custom-logo\" alt=\"Logo + Button\" srcset=\"https:\/\/metamorphdesign.ca\/wp-content\/uploads\/2024\/01\/metamorph_logo_website-1.jpg 500w, https:\/\/metamorphdesign.ca\/wp-content\/uploads\/2024\/01\/metamorph_logo_website-1-300x225.jpg 300w\" sizes=\"auto, (max-width: 195px) 100vw, 195px\" \/><\/a><\/div>\n\n\n<div style=\"height:50px\" aria-hidden=\"true\" class=\"wp-block-spacer\"><\/div>\n\n\n\n<h2 class=\"wp-block-heading has-text-align-left\" style=\"text-decoration:underline\">Join a community of artists!<\/h2>\n\n\n\n<div class=\"wp-block-buttons is-content-justification-center is-layout-flex wp-container-core-buttons-is-layout-a89b3969 wp-block-buttons-is-layout-flex\">\n<div class=\"wp-block-button\"><a class=\"wp-block-button__link has-text-align-center wp-element-button\" href=\"https:\/\/discord.gg\/mfBkBUPSZm\">Click here to join the Metamorph Design community<\/a><\/div>\n<\/div>\n\n\n\n<p>In its accessibility mission, Metamorph Design has created an online server available at all times on the app <a href=\"https:\/\/discord.com\/\" data-type=\"link\" data-id=\"https:\/\/discord.com\/\">Discord<\/a>. This virtual space aims to offer young artists a place to express themselves, share their experience and meet people. <\/p>\n\n\n\n<h4 class=\"wp-block-heading\">Why chose an online platform?<\/h4>\n\n\n\n<p>The Metamorph Design server has the advantage of bringing together a community regardless of the distance between its members. Discord also allows easy sharing of photos, videos, 3D models, etc. It is therefore ideal for young artists who wish to show their work. It is also possible to do live broadcasts in HD on Discord. The screen sharing feature allows instructors to hold virtual classes fluidly. Students can also broadcast their screen live to receive feedback from the instructors. <\/p>\n\n\n\n<h4 class=\"wp-block-heading\">A safe and caring environment<\/h4>\n\n\n\n<p>The Metamorph Design server has implemented several security measures to protect its members while respecting their privacy. This virtual place is a healthy and safe environment for everyone. We kindly welcome people that are :<\/p>\n\n\n\n<ul class=\"wp-block-list\">\n<li>Neurodivergent (autism, giftedness, ADHD, learning disabilities)<\/li>\n\n\n\n<li>From the LGBTQ+ community<\/li>\n\n\n\n<li>Living with a mental health disorder<\/li>\n\n\n\n<li>From a low-income background<\/li>\n<\/ul>\n\n\n\n<h4 class=\"wp-block-heading\">How to join the server?<\/h4>\n\n\n\n<ul class=\"wp-block-list\">\n<li>First you need to download the app <a href=\"https:\/\/discord.com\/\" data-type=\"link\" data-id=\"https:\/\/discord.com\/\">Discord<\/a>. It is available on all devices<\/li>\n\n\n\n<li>Then you must create an account and choose your username<\/li>\n\n\n\n<li>Finally, click the link below to enter the Metamorph Design's server: <a href=\"https:\/\/discord.gg\/mfBkBUPSZm\">https:\/\/discord.gg\/mfBkBUPSZm <\/a> <\/li>\n<\/ul>\n\n\n\n<p>If you have any questions you can always message us by clicking <a href=\"https:\/\/metamorphdesign.ca\/en\/contact\/\" data-type=\"page\" data-id=\"177\">here<\/a><\/p>\n\n\n\n<p><\/p>\n\n\n\n<p>Looking forward to having you in our community!<\/p>","protected":false},"excerpt":{"rendered":"<p>Rejoins une communaut\u00e9 d&rsquo;artistes! Dans sa mission d&rsquo;accessibilit\u00e9, Metamorph Design a cr\u00e9\u00e9 un serveur en ligne disponible en tout temps sur l&rsquo;application Discord. Cet espace virtuel a pour but d&rsquo;offrir aux jeunes artistes un endroit o\u00f9 s&rsquo;exprimer, partager leur exp\u00e9rience et faire des rencontres. Pourquoi choisir une plateforme virtuelle? Le serveur Metamorph Design a pour [&hellip;]<\/p>","protected":false},"author":1,"featured_media":0,"parent":0,"menu_order":0,"comment_status":"closed","ping_status":"closed","template":"","meta":{"footnotes":""},"class_list":["post-294","page","type-page","status-publish","hentry"],"_links":{"self":[{"href":"https:\/\/metamorphdesign.ca\/en\/wp-json\/wp\/v2\/pages\/294","targetHints":{"allow":["GET"]}}],"collection":[{"href":"https:\/\/metamorphdesign.ca\/en\/wp-json\/wp\/v2\/pages"}],"about":[{"href":"https:\/\/metamorphdesign.ca\/en\/wp-json\/wp\/v2\/types\/page"}],"author":[{"embeddable":true,"href":"https:\/\/metamorphdesign.ca\/en\/wp-json\/wp\/v2\/users\/1"}],"replies":[{"embeddable":true,"href":"https:\/\/metamorphdesign.ca\/en\/wp-json\/wp\/v2\/comments?post=294"}],"version-history":[{"count":4,"href":"https:\/\/metamorphdesign.ca\/en\/wp-json\/wp\/v2\/pages\/294\/revisions"}],"predecessor-version":[{"id":362,"href":"https:\/\/metamorphdesign.ca\/en\/wp-json\/wp\/v2\/pages\/294\/revisions\/362"}],"wp:attachment":[{"href":"https:\/\/metamorphdesign.ca\/en\/wp-json\/wp\/v2\/media?parent=294"}],"curies":[{"name":"wp","href":"https:\/\/api.w.org\/{rel}","templated":true}]}}