{"id":177,"date":"2024-01-16T18:53:37","date_gmt":"2024-01-16T23:53:37","guid":{"rendered":"https:\/\/metamorphdesign.ca\/?page_id=177"},"modified":"2025-05-19T13:51:59","modified_gmt":"2025-05-19T17:51:59","slug":"contact","status":"publish","type":"page","link":"https:\/\/metamorphdesign.ca\/en\/contact","title":{"rendered":"Contact"},"content":{"rendered":"<div class=\"wp-block-cover wp-duotone-unset-1\" style=\"min-height:351px;aspect-ratio:unset;\"><img loading=\"lazy\" decoding=\"async\" width=\"1024\" height=\"683\" class=\"wp-block-cover__image-background wp-image-631 size-large\" alt=\"\" src=\"https:\/\/metamorphdesign.ca\/wp-content\/uploads\/2025\/05\/DSC_0073-Edit-1024x683.jpg\" data-object-fit=\"cover\" srcset=\"https:\/\/metamorphdesign.ca\/wp-content\/uploads\/2025\/05\/DSC_0073-Edit-1024x683.jpg 1024w, https:\/\/metamorphdesign.ca\/wp-content\/uploads\/2025\/05\/DSC_0073-Edit-300x200.jpg 300w, https:\/\/metamorphdesign.ca\/wp-content\/uploads\/2025\/05\/DSC_0073-Edit-768x512.jpg 768w, https:\/\/metamorphdesign.ca\/wp-content\/uploads\/2025\/05\/DSC_0073-Edit-1536x1024.jpg 1536w, https:\/\/metamorphdesign.ca\/wp-content\/uploads\/2025\/05\/DSC_0073-Edit-2048x1365.jpg 2048w, https:\/\/metamorphdesign.ca\/wp-content\/uploads\/2025\/05\/DSC_0073-Edit-18x12.jpg 18w\" sizes=\"auto, (max-width: 1024px) 100vw, 1024px\" \/><span aria-hidden=\"true\" class=\"wp-block-cover__background has-contrast-background-color has-background-dim\"><\/span><div class=\"wp-block-cover__inner-container has-global-padding is-layout-constrained wp-block-cover-is-layout-constrained\">\n<p class=\"has-text-align-right\" style=\"font-size:clamp(1.976rem, 1.976rem + ((1vw - 0.2rem) * 1.905), 3.5rem);\"><strong>CONTACT<\/strong><\/p>\n<\/div><\/div>\n\n\n<div class=\"aligncenter is-style-rounded is-style-rounded--2 wp-block-site-logo\"><a href=\"https:\/\/metamorphdesign.ca\/en\/\" class=\"custom-logo-link\" rel=\"home\"><img loading=\"lazy\" decoding=\"async\" width=\"163\" height=\"122\" src=\"https:\/\/metamorphdesign.ca\/wp-content\/uploads\/2024\/01\/metamorph_logo_website-1.jpg\" class=\"custom-logo\" alt=\"Logo + Button\" srcset=\"https:\/\/metamorphdesign.ca\/wp-content\/uploads\/2024\/01\/metamorph_logo_website-1.jpg 500w, https:\/\/metamorphdesign.ca\/wp-content\/uploads\/2024\/01\/metamorph_logo_website-1-300x225.jpg 300w\" sizes=\"auto, (max-width: 163px) 100vw, 163px\" \/><\/a><\/div>\n\n\n<h4 class=\"wp-block-heading has-text-align-center\"><strong>Email<\/strong><\/h4>\n\n\n\n<p class=\"has-text-align-center\">Contact us by email to book a workshop, offer a course in your school\/organization, take private lessons or ask a question!<\/p>\n\n\n\n<p><\/p>\n\n\n\n<div class=\"wp-block-contact-form-7-contact-form-selector\">\n<div class=\"wpcf7 no-js\" id=\"wpcf7-f373-o1\" lang=\"fr-CA\" dir=\"ltr\" data-wpcf7-id=\"373\">\n<div class=\"screen-reader-response\"><p role=\"status\" aria-live=\"polite\" aria-atomic=\"true\"><\/p> <ul><\/ul><\/div>\n<form action=\"\/wp-json\/wp\/v2\/pages\/177\" method=\"post\" class=\"wpcf7-form init\" aria-label=\"Contact form\" novalidate=\"novalidate\" data-status=\"init\" data-trp-original-action=\"\/en\/wp-json\/wp\/v2\/pages\/177#wpcf7-f373-o1\">\n<fieldset class=\"hidden-fields-container\"><input type=\"hidden\" name=\"_wpcf7\" value=\"373\" \/><input type=\"hidden\" name=\"_wpcf7_version\" value=\"6.1.5\" \/><input type=\"hidden\" name=\"_wpcf7_locale\" value=\"fr_CA\" \/><input type=\"hidden\" name=\"_wpcf7_unit_tag\" value=\"wpcf7-f373-o1\" \/><input type=\"hidden\" name=\"_wpcf7_container_post\" value=\"0\" \/><input type=\"hidden\" name=\"_wpcf7_posted_data_hash\" value=\"\" \/>\n<\/fieldset>\n<p><label> Your name<br \/>\n<span class=\"wpcf7-form-control-wrap\" data-name=\"your-name\"><input size=\"40\" maxlength=\"400\" class=\"wpcf7-form-control wpcf7-text wpcf7-validates-as-required\" autocomplete=\"name\" aria-required=\"true\" aria-invalid=\"false\" value=\"\" type=\"text\" name=\"your-name\" \/><\/span> <\/label>\n<\/p>\n<p><label> Your email<br \/>\n<span class=\"wpcf7-form-control-wrap\" data-name=\"your-email\"><input size=\"40\" maxlength=\"400\" class=\"wpcf7-form-control wpcf7-email wpcf7-validates-as-required wpcf7-text wpcf7-validates-as-email\" autocomplete=\"email\" aria-required=\"true\" aria-invalid=\"false\" value=\"\" type=\"email\" name=\"your-email\" \/><\/span> <\/label>\n<\/p>\n<p><label> Subject<br \/>\n<span class=\"wpcf7-form-control-wrap\" data-name=\"menu-sujets\"><select class=\"wpcf7-form-control wpcf7-select wpcf7-validates-as-required\" aria-required=\"true\" aria-invalid=\"false\" name=\"menu-sujets\"><option value=\"\">\u2014Please choose an option\u2014<\/option><option value=\"Inscriptions\">Registrations<\/option><option value=\"Mentorat\">Mentorship<\/option><option value=\"Formations \u00e9coles\">Training for schools<\/option><option value=\"Formations organismes\">Training for organizations<\/option><option value=\"Autre\">Other<\/option><\/select><\/span> <\/label>\n<\/p>\n<p><label> Your message (optional)<br \/>\n<span class=\"wpcf7-form-control-wrap\" data-name=\"your-message\"><textarea cols=\"40\" rows=\"10\" maxlength=\"2000\" class=\"wpcf7-form-control wpcf7-textarea\" aria-invalid=\"false\" name=\"your-message\"><\/textarea><\/span> <\/label>\n<\/p>\n<p><input class=\"wpcf7-form-control wpcf7-submit has-spinner\" type=\"submit\" value=\"Submit\" \/>\n<\/p><div class=\"wpcf7-response-output\" aria-hidden=\"true\"><\/div>\n<input type=\"hidden\" name=\"trp-form-language\" value=\"en\"\/><\/form>\n<\/div>\n<\/div>\n\n\n\n<p class=\"has-text-align-center\"><strong>info@metamorphdesign.ca<\/strong><\/p>\n\n\n\n<h4 class=\"wp-block-heading has-text-align-center\"><strong>Socials<\/strong><\/h4>\n\n\n<nav class=\"is-responsive items-justified-center is-vertical wp-block-navigation is-content-justification-center is-layout-flex wp-container-core-navigation-is-layout-734eb2c2 wp-block-navigation-is-layout-flex\" aria-label=\"navigation 3\" \n\t\t data-wp-interactive=\"core\/navigation\" data-wp-context='{\"overlayOpenedBy\":{\"click\":false,\"hover\":false,\"focus\":false},\"type\":\"overlay\",\"roleAttribute\":\"\",\"ariaLabel\":\"Menu\"}'><button aria-haspopup=\"dialog\" aria-label=\"Open menu\" class=\"wp-block-navigation__responsive-container-open\" \n\t\t\t\tdata-wp-on--click=\"actions.openMenuOnClick\"\n\t\t\t\tdata-wp-on--keydown=\"actions.handleMenuKeydown\"\n\t\t\t><svg width=\"24\" height=\"24\" xmlns=\"http:\/\/www.w3.org\/2000\/svg\" viewbox=\"0 0 24 24\" aria-hidden=\"true\" focusable=\"false\"><path d=\"M4 7.5h16v1.5H4z\"><\/path><path d=\"M4 15h16v1.5H4z\"><\/path><\/svg><\/button>\n\t\t\t\t<div class=\"wp-block-navigation__responsive-container\"  id=\"modal-3\" \n\t\t\t\tdata-wp-class--has-modal-open=\"state.isMenuOpen\"\n\t\t\t\tdata-wp-class--is-menu-open=\"state.isMenuOpen\"\n\t\t\t\tdata-wp-watch=\"callbacks.initMenu\"\n\t\t\t\tdata-wp-on--keydown=\"actions.handleMenuKeydown\"\n\t\t\t\tdata-wp-on--focusout=\"actions.handleMenuFocusout\"\n\t\t\t\ttabindex=\"-1\"\n\t\t\t>\n\t\t\t\t\t<div class=\"wp-block-navigation__responsive-close\" tabindex=\"-1\">\n\t\t\t\t\t\t<div class=\"wp-block-navigation__responsive-dialog\" \n\t\t\t\tdata-wp-bind--aria-modal=\"state.ariaModal\"\n\t\t\t\tdata-wp-bind--aria-label=\"state.ariaLabel\"\n\t\t\t\tdata-wp-bind--role=\"state.roleAttribute\"\n\t\t\t>\n\t\t\t\t\t\t\t<button aria-label=\"Close menu\" class=\"wp-block-navigation__responsive-container-close\" \n\t\t\t\tdata-wp-on--click=\"actions.closeMenuOnClick\"\n\t\t\t><svg xmlns=\"http:\/\/www.w3.org\/2000\/svg\" viewbox=\"0 0 24 24\" width=\"24\" height=\"24\" aria-hidden=\"true\" focusable=\"false\"><path d=\"m13.06 12 6.47-6.47-1.06-1.06L12 10.94 5.53 4.47 4.47 5.53 10.94 12l-6.47 6.47 1.06 1.06L12 13.06l6.47 6.47 1.06-1.06L13.06 12Z\"><\/path><\/svg><\/button>\n\t\t\t\t\t\t\t<div class=\"wp-block-navigation__responsive-container-content\" \n\t\t\t\tdata-wp-watch=\"callbacks.focusFirstElement\"\n\t\t\t id=\"modal-3-content\">\n\t\t\t\t\t\t\t\t<ul class=\"wp-block-navigation__container is-responsive items-justified-center is-vertical wp-block-navigation\"><li class=\"wp-block-navigation-item wp-block-navigation-link\"><a class=\"wp-block-navigation-item__content\"  href=\"https:\/\/www.facebook.com\/metamorphschool\"><span class=\"wp-block-navigation-item__label\">Facebook<\/span><\/a><\/li><li class=\"wp-block-navigation-item wp-block-navigation-link\"><a class=\"wp-block-navigation-item__content\"  href=\"https:\/\/www.instagram.com\/metamorph_school\/\"><span class=\"wp-block-navigation-item__label\">Instagram<\/span><\/a><\/li><li class=\"wp-block-navigation-item wp-block-navigation-link\"><a class=\"wp-block-navigation-item__content\"  href=\"https:\/\/www.tiktok.com\/@metamorph.schoo\"><span class=\"wp-block-navigation-item__label\">Tiktok<\/span><\/a><\/li><li class=\"wp-block-navigation-item wp-block-navigation-link\"><a class=\"wp-block-navigation-item__content\"  href=\"https:\/\/www.youtube.com\/channel\/UCEJDT7z417fLtl9Ry-TjXDg\"><span class=\"wp-block-navigation-item__label\">Youtube<\/span><\/a><\/li><\/ul>\n\t\t\t\t\t\t\t<\/div>\n\t\t\t\t\t\t<\/div>\n\t\t\t\t\t<\/div>\n\t\t\t\t<\/div><\/nav>","protected":false},"excerpt":{"rendered":"<p>Courriel Communiquez avec nous par courriel pour r\u00e9server un atelier, offrir un cours dans votre \u00e9cole\/organisme, suivre des le\u00e7ons priv\u00e9es ou poser une question! info@metamorphdesign.ca R\u00e9seaux<\/p>","protected":false},"author":1,"featured_media":0,"parent":0,"menu_order":0,"comment_status":"closed","ping_status":"closed","template":"","meta":{"footnotes":""},"class_list":["post-177","page","type-page","status-publish","hentry"],"_links":{"self":[{"href":"https:\/\/metamorphdesign.ca\/en\/wp-json\/wp\/v2\/pages\/177","targetHints":{"allow":["GET"]}}],"collection":[{"href":"https:\/\/metamorphdesign.ca\/en\/wp-json\/wp\/v2\/pages"}],"about":[{"href":"https:\/\/metamorphdesign.ca\/en\/wp-json\/wp\/v2\/types\/page"}],"author":[{"embeddable":true,"href":"https:\/\/metamorphdesign.ca\/en\/wp-json\/wp\/v2\/users\/1"}],"replies":[{"embeddable":true,"href":"https:\/\/metamorphdesign.ca\/en\/wp-json\/wp\/v2\/comments?post=177"}],"version-history":[{"count":8,"href":"https:\/\/metamorphdesign.ca\/en\/wp-json\/wp\/v2\/pages\/177\/revisions"}],"predecessor-version":[{"id":634,"href":"https:\/\/metamorphdesign.ca\/en\/wp-json\/wp\/v2\/pages\/177\/revisions\/634"}],"wp:attachment":[{"href":"https:\/\/metamorphdesign.ca\/en\/wp-json\/wp\/v2\/media?parent=177"}],"curies":[{"name":"wp","href":"https:\/\/api.w.org\/{rel}","templated":true}]}}