{"id":166,"date":"2024-01-15T17:32:37","date_gmt":"2024-01-15T17:32:37","guid":{"rendered":"https:\/\/metamorphdesign.ca\/?page_id=166"},"modified":"2024-10-30T19:52:35","modified_gmt":"2024-10-30T23:52:35","slug":"tutorat","status":"publish","type":"page","link":"https:\/\/metamorphdesign.ca\/en\/tutorat","title":{"rendered":"Mentorship"},"content":{"rendered":"<div class=\"wp-block-group alignfull has-global-padding is-layout-constrained wp-block-group-is-layout-constrained\"><div class=\"aligncenter is-style-rounded is-style-rounded--1 wp-block-site-logo\"><a href=\"https:\/\/metamorphdesign.ca\/en\/\" class=\"custom-logo-link\" rel=\"home\"><img loading=\"lazy\" decoding=\"async\" width=\"195\" height=\"146\" src=\"https:\/\/metamorphdesign.ca\/wp-content\/uploads\/2024\/01\/metamorph_logo_website-1.jpg\" class=\"custom-logo\" alt=\"Logo + Button\" srcset=\"https:\/\/metamorphdesign.ca\/wp-content\/uploads\/2024\/01\/metamorph_logo_website-1.jpg 500w, https:\/\/metamorphdesign.ca\/wp-content\/uploads\/2024\/01\/metamorph_logo_website-1-300x225.jpg 300w\" sizes=\"auto, (max-width: 195px) 100vw, 195px\" \/><\/a><\/div><\/div>\n\n\n\n<div style=\"height:30px\" aria-hidden=\"true\" class=\"wp-block-spacer\"><\/div>\n\n\n\n<h2 class=\"wp-block-heading has-text-align-center\" style=\"text-decoration:underline\">Mentorship<\/h2>\n\n\n\n<div style=\"height:15px\" aria-hidden=\"true\" class=\"wp-block-spacer\"><\/div>\n\n\n\n<p>Do you want to follow private lessons and have ongoing support in your projects? A mentor can help you achieve your goals much faster with in-depth coaching.<\/p>\n\n\n\n<div style=\"height:15px\" aria-hidden=\"true\" class=\"wp-block-spacer\"><\/div>\n\n\n\n<p><strong>Mentorship benefits<\/strong><\/p>\n\n\n\n<ul class=\"wp-block-list\">\n<li>Personalized development plan based on the learner\u2019s objectives<\/li>\n\n\n\n<li>Possibility to ask questions even outside of lessons<\/li>\n\n\n\n<li>Flexible schedule<\/li>\n\n\n\n<li>In person and\/or online teaching<\/li>\n\n\n\n<li>Weekly feedback<\/li>\n\n\n\n<li>Support for medium\/long term projects that require several weeks of work<\/li>\n<\/ul>\n\n\n\n<p><strong>How it works<\/strong><\/p>\n\n\n\n<p>The mentoring begins with an initial meeting lasting 1 hour. This meeting is <strong>FREE<\/strong> and allows the mentor to assess the learner\u2019s needs. Thereafter, a frequency of one lesson per week is recommended but can be adjusted according to the learner's learning pace. Online lessons are done on <a href=\"https:\/\/discord.com\/\" data-type=\"link\" data-id=\"https:\/\/discord.com\/\">Discord<\/a>. In person lessons can be done in a public place or at the learner's home.<\/p>\n\n\n\n<p><strong>Pricing<\/strong><\/p>\n\n\n\n<ul class=\"wp-block-list\">\n<li style=\"font-style:normal;font-weight:700\">First lesson - Free<\/li>\n\n\n\n<li style=\"font-style:normal;font-weight:700\">1 le\u00e7on &#8211; $75+tx\/h<\/li>\n\n\n\n<li style=\"font-style:normal;font-weight:700\">Bloc de 5 le\u00e7ons &#8211; $362,5+tx &#8211; $72,5+tx\/h<\/li>\n\n\n\n<li style=\"font-style:normal;font-weight:700\">Bloc de 10 le\u00e7ons &#8211; $700+tx &#8211; $70+tx\/h<\/li>\n\n\n\n<li style=\"font-style:normal;font-weight:700\">Bloc de 15 le\u00e7ons &#8211; $1 012,5+tx &#8211; $67,5+tx\/h<\/li>\n<\/ul>\n\n\n\n<p><strong>*For in-person lessons, a transportation fee of $10 is added to the hourly rate<\/strong>.<\/p>\n\n\n\n<div class=\"wp-block-buttons is-layout-flex wp-block-buttons-is-layout-flex\">\n<div class=\"wp-block-button\"><a class=\"wp-block-button__link wp-element-button\" href=\"https:\/\/metamorphdesign.ca\/en\/contact\/\">Contact a mentor<\/a><\/div>\n<\/div>","protected":false},"excerpt":{"rendered":"<p>Mentorat Vous souhaitez suivre des le\u00e7ons priv\u00e9es et avoir un accompagnement continu dans vos projets? Un mentor peut vous aider \u00e0 atteindre vos objectifs beaucoup plus rapidement gr\u00e2ce \u00e0 un suivi approfondi. Avantages du mentorat Fonctionnement Le mentorat d\u00e9bute par une premi\u00e8re rencontre d&rsquo;une dur\u00e9e de 1h. Cette rencontre est GRATUITE et permet au mentor [&hellip;]<\/p>","protected":false},"author":1,"featured_media":0,"parent":0,"menu_order":0,"comment_status":"closed","ping_status":"closed","template":"","meta":{"footnotes":""},"class_list":["post-166","page","type-page","status-publish","hentry"],"_links":{"self":[{"href":"https:\/\/metamorphdesign.ca\/en\/wp-json\/wp\/v2\/pages\/166","targetHints":{"allow":["GET"]}}],"collection":[{"href":"https:\/\/metamorphdesign.ca\/en\/wp-json\/wp\/v2\/pages"}],"about":[{"href":"https:\/\/metamorphdesign.ca\/en\/wp-json\/wp\/v2\/types\/page"}],"author":[{"embeddable":true,"href":"https:\/\/metamorphdesign.ca\/en\/wp-json\/wp\/v2\/users\/1"}],"replies":[{"embeddable":true,"href":"https:\/\/metamorphdesign.ca\/en\/wp-json\/wp\/v2\/comments?post=166"}],"version-history":[{"count":11,"href":"https:\/\/metamorphdesign.ca\/en\/wp-json\/wp\/v2\/pages\/166\/revisions"}],"predecessor-version":[{"id":504,"href":"https:\/\/metamorphdesign.ca\/en\/wp-json\/wp\/v2\/pages\/166\/revisions\/504"}],"wp:attachment":[{"href":"https:\/\/metamorphdesign.ca\/en\/wp-json\/wp\/v2\/media?parent=166"}],"curies":[{"name":"wp","href":"https:\/\/api.w.org\/{rel}","templated":true}]}}